{"id":2009,"date":"2023-11-07T16:20:59","date_gmt":"2023-11-07T15:20:59","guid":{"rendered":"https:\/\/bettstadt.it\/about-us\/"},"modified":"2023-12-21T14:57:39","modified_gmt":"2023-12-21T13:57:39","slug":"about-us","status":"publish","type":"page","link":"https:\/\/bettstadt.it\/en\/about-us\/","title":{"rendered":"About us"},"content":{"rendered":"\t\t<div data-elementor-type=\"wp-page\" data-elementor-id=\"2009\" class=\"elementor elementor-2009 elementor-25\" data-elementor-post-type=\"page\">\n\t\t\t\t<div class=\"elementor-element elementor-element-c4d92c8 e-flex e-con-boxed e-con e-parent\" data-id=\"c4d92c8\" data-element_type=\"container\" data-e-type=\"container\">\n\t\t\t\t\t<div class=\"e-con-inner\">\n\t\t<div class=\"elementor-element elementor-element-7de14c8 e-flex e-con-boxed e-con e-child\" data-id=\"7de14c8\" data-element_type=\"container\" data-e-type=\"container\">\n\t\t\t\t\t<div class=\"e-con-inner\">\n\t\t\t\t<div class=\"elementor-element elementor-element-52c047d elementor-widget elementor-widget-heading\" data-id=\"52c047d\" data-element_type=\"widget\" data-e-type=\"widget\" data-widget_type=\"heading.default\">\n\t\t\t\t<div class=\"elementor-widget-container\">\n\t\t\t\t\t<h2 class=\"elementor-heading-title elementor-size-default\">Your Hosts<\/h2>\t\t\t\t<\/div>\n\t\t\t\t<\/div>\n\t\t<div class=\"elementor-element elementor-element-a4cc0f1 e-flex e-con-boxed e-con e-child\" data-id=\"a4cc0f1\" data-element_type=\"container\" data-e-type=\"container\">\n\t\t\t\t\t<div class=\"e-con-inner\">\n\t\t\t\t<div class=\"elementor-element elementor-element-1f6f2b3 elementor-widget elementor-widget-image\" data-id=\"1f6f2b3\" data-element_type=\"widget\" data-e-type=\"widget\" data-widget_type=\"image.default\">\n\t\t\t\t<div class=\"elementor-widget-container\">\n\t\t\t\t\t\t\t\t\t\t\t\t\t\t\t<img fetchpriority=\"high\" decoding=\"async\" width=\"1536\" height=\"1025\" src=\"https:\/\/bettstadt.it\/wp-content\/uploads\/2023\/12\/Bettstadt-Portraits-_K2A9675-Web-\u00a9Freiundzeit-2-1536x1025.jpg\" class=\"attachment-1536x1536 size-1536x1536 wp-image-2789\" alt=\"\" srcset=\"https:\/\/bettstadt.it\/wp-content\/uploads\/2023\/12\/Bettstadt-Portraits-_K2A9675-Web-\u00a9Freiundzeit-2-1536x1025.jpg 1536w, https:\/\/bettstadt.it\/wp-content\/uploads\/2023\/12\/Bettstadt-Portraits-_K2A9675-Web-\u00a9Freiundzeit-2-300x200.jpg 300w, https:\/\/bettstadt.it\/wp-content\/uploads\/2023\/12\/Bettstadt-Portraits-_K2A9675-Web-\u00a9Freiundzeit-2-1024x683.jpg 1024w, https:\/\/bettstadt.it\/wp-content\/uploads\/2023\/12\/Bettstadt-Portraits-_K2A9675-Web-\u00a9Freiundzeit-2-768x512.jpg 768w, https:\/\/bettstadt.it\/wp-content\/uploads\/2023\/12\/Bettstadt-Portraits-_K2A9675-Web-\u00a9Freiundzeit-2.jpg 1700w\" sizes=\"(max-width: 1536px) 100vw, 1536px\" \/>\t\t\t\t\t\t\t\t\t\t\t\t\t\t\t<\/div>\n\t\t\t\t<\/div>\n\t\t\t\t\t<\/div>\n\t\t\t\t<\/div>\n\t\t\t\t<div class=\"elementor-element elementor-element-7d26faa elementor-widget__width-initial elementor-widget elementor-widget-text-editor\" data-id=\"7d26faa\" data-element_type=\"widget\" data-e-type=\"widget\" data-widget_type=\"text-editor.default\">\n\t\t\t\t<div class=\"elementor-widget-container\">\n\t\t\t\t\t\t\t\t\t<p>Being a host is the most wonderful job imaginable. We always get to meet new people who broaden our horizons. And we get to share what we love so much with our guests: our apartments, the charming town of\u00a0Sterzing, and\u00a0South Tyrolean nature. We never stand still and are always coming up with special things. Hi! We are\u00a0Claudia\u00a0and\u00a0Marcel\u00a0\u2013 your laid-back mother-son duo at the Bettstadt Apartments. We\u2019re so happy to have you here!<\/p>\n\t\t\t\t\t\t\t\t<\/div>\n\t\t\t\t<\/div>\n\t\t\t\t\t<\/div>\n\t\t\t\t<\/div>\n\t\t\t\t\t<\/div>\n\t\t\t\t<\/div>\n\t\t<div class=\"elementor-element elementor-element-d22e05e e-flex e-con-boxed e-con e-parent\" data-id=\"d22e05e\" data-element_type=\"container\" data-e-type=\"container\">\n\t\t\t\t\t<div class=\"e-con-inner\">\n\t\t<div class=\"elementor-element elementor-element-60658bf e-flex e-con-boxed e-con e-child\" data-id=\"60658bf\" data-element_type=\"container\" data-e-type=\"container\">\n\t\t\t\t\t<div class=\"e-con-inner\">\n\t\t<div class=\"elementor-element elementor-element-60559fa e-flex e-con-boxed e-con e-child\" data-id=\"60559fa\" data-element_type=\"container\" data-e-type=\"container\">\n\t\t\t\t\t<div class=\"e-con-inner\">\n\t\t\t\t<div class=\"elementor-element elementor-element-94611d2 elementor-widget elementor-widget-heading\" data-id=\"94611d2\" data-element_type=\"widget\" data-e-type=\"widget\" data-widget_type=\"heading.default\">\n\t\t\t\t<div class=\"elementor-widget-container\">\n\t\t\t\t\t<h2 class=\"elementor-heading-title elementor-size-default\">Your temporary home<\/h2>\t\t\t\t<\/div>\n\t\t\t\t<\/div>\n\t\t\t\t<div class=\"elementor-element elementor-element-4a28adb elementor-widget elementor-widget-image\" data-id=\"4a28adb\" data-element_type=\"widget\" data-e-type=\"widget\" data-widget_type=\"image.default\">\n\t\t\t\t<div class=\"elementor-widget-container\">\n\t\t\t\t\t\t\t\t\t\t\t\t\t\t\t<img decoding=\"async\" width=\"2048\" height=\"1366\" src=\"https:\/\/bettstadt.it\/wp-content\/uploads\/2023\/11\/Bettstadt-101323-50-Web-\u00a9Freiundzeit.jpg\" class=\"attachment-full size-full wp-image-1231\" alt=\"\" srcset=\"https:\/\/bettstadt.it\/wp-content\/uploads\/2023\/11\/Bettstadt-101323-50-Web-\u00a9Freiundzeit.jpg 2048w, https:\/\/bettstadt.it\/wp-content\/uploads\/2023\/11\/Bettstadt-101323-50-Web-\u00a9Freiundzeit-300x200.jpg 300w, https:\/\/bettstadt.it\/wp-content\/uploads\/2023\/11\/Bettstadt-101323-50-Web-\u00a9Freiundzeit-1024x683.jpg 1024w, https:\/\/bettstadt.it\/wp-content\/uploads\/2023\/11\/Bettstadt-101323-50-Web-\u00a9Freiundzeit-768x512.jpg 768w, https:\/\/bettstadt.it\/wp-content\/uploads\/2023\/11\/Bettstadt-101323-50-Web-\u00a9Freiundzeit-1536x1025.jpg 1536w\" sizes=\"(max-width: 2048px) 100vw, 2048px\" \/>\t\t\t\t\t\t\t\t\t\t\t\t\t\t\t<\/div>\n\t\t\t\t<\/div>\n\t\t\t\t\t<\/div>\n\t\t\t\t<\/div>\n\t\t<div class=\"elementor-element elementor-element-fd8e361 e-flex e-con-boxed e-con e-child\" data-id=\"fd8e361\" data-element_type=\"container\" data-e-type=\"container\">\n\t\t\t\t\t<div class=\"e-con-inner\">\n\t\t\t\t<div class=\"elementor-element elementor-element-7ce6a22 elementor-widget__width-initial elementor-widget elementor-widget-text-editor\" data-id=\"7ce6a22\" data-element_type=\"widget\" data-e-type=\"widget\" data-widget_type=\"text-editor.default\">\n\t\t\t\t<div class=\"elementor-widget-container\">\n\t\t\t\t\t\t\t\t\t<p>If you\u2019re a free spirit, you will love not being tied to restaurant times or fixed menus when you\u2019re on holiday. You can have your\u00a0own rhythm, search for your favourite restaurant, and experience the city through the eyes of the locals. In our apartments, you can enjoy yourself to the fullest.<\/p>\n\t\t\t\t\t\t\t\t<\/div>\n\t\t\t\t<\/div>\n\t\t\t\t\t<\/div>\n\t\t\t\t<\/div>\n\t\t\t\t\t<\/div>\n\t\t\t\t<\/div>\n\t\t\t\t\t<\/div>\n\t\t\t\t<\/div>\n\t\t<div class=\"elementor-element elementor-element-8cc0271 e-flex e-con-boxed e-con e-parent\" data-id=\"8cc0271\" data-element_type=\"container\" data-e-type=\"container\" data-settings=\"{&quot;background_background&quot;:&quot;classic&quot;}\">\n\t\t\t\t\t<div class=\"e-con-inner\">\n\t\t<div class=\"elementor-element elementor-element-393028e e-flex e-con-boxed e-con e-child\" data-id=\"393028e\" data-element_type=\"container\" data-e-type=\"container\">\n\t\t\t\t\t<div class=\"e-con-inner\">\n\t\t\t\t<div class=\"elementor-element elementor-element-1766b58 elementor-widget__width-initial elementor-widget elementor-widget-text-editor\" data-id=\"1766b58\" data-element_type=\"widget\" data-e-type=\"widget\" data-widget_type=\"text-editor.default\">\n\t\t\t\t<div class=\"elementor-widget-container\">\n\t\t\t\t\t\t\t\t\t<p><span style=\"font-family: 'Kaftan Serif', sans-serif;\">Boundless freedom is the order of the day on holiday. Our motto: <\/span>Easy breezy.<\/p>\n\t\t\t\t\t\t\t\t<\/div>\n\t\t\t\t<\/div>\n\t\t\t\t<div class=\"elementor-element elementor-element-484f339 elementor-widget elementor-widget-heading\" data-id=\"484f339\" data-element_type=\"widget\" data-e-type=\"widget\" data-widget_type=\"heading.default\">\n\t\t\t\t<div class=\"elementor-widget-container\">\n\t\t\t\t\t<div class=\"elementor-heading-title elementor-size-default\">Claudia Rainer<\/div>\t\t\t\t<\/div>\n\t\t\t\t<\/div>\n\t\t\t\t<div class=\"elementor-element elementor-element-2d5ca57 elementor-align-center elementor-mobile-align-left elementor-widget elementor-widget-button\" data-id=\"2d5ca57\" data-element_type=\"widget\" data-e-type=\"widget\" data-widget_type=\"button.default\">\n\t\t\t\t<div class=\"elementor-widget-container\">\n\t\t\t\t\t\t\t\t\t<div class=\"elementor-button-wrapper\">\n\t\t\t\t\t<a class=\"elementor-button elementor-button-link elementor-size-sm\" href=\"https:\/\/bettstadt.it\/en\/your-stay\/apartments-rooms\/\">\n\t\t\t\t\t\t<span class=\"elementor-button-content-wrapper\">\n\t\t\t\t\t\t\t\t\t<span class=\"elementor-button-text\">Find the perfect apartment<\/span>\n\t\t\t\t\t<\/span>\n\t\t\t\t\t<\/a>\n\t\t\t\t<\/div>\n\t\t\t\t\t\t\t\t<\/div>\n\t\t\t\t<\/div>\n\t\t\t\t\t<\/div>\n\t\t\t\t<\/div>\n\t\t\t\t\t<\/div>\n\t\t\t\t<\/div>\n\t\t<div class=\"elementor-element elementor-element-3baee48 e-flex e-con-boxed e-con e-parent\" data-id=\"3baee48\" data-element_type=\"container\" data-e-type=\"container\">\n\t\t\t\t\t<div class=\"e-con-inner\">\n\t\t<div class=\"elementor-element elementor-element-c20ffc7 e-flex e-con-boxed e-con e-child\" data-id=\"c20ffc7\" data-element_type=\"container\" data-e-type=\"container\">\n\t\t\t\t\t<div class=\"e-con-inner\">\n\t\t\t\t<div class=\"elementor-element elementor-element-d36d825 elementor-widget elementor-widget-heading\" data-id=\"d36d825\" data-element_type=\"widget\" data-e-type=\"widget\" data-widget_type=\"heading.default\">\n\t\t\t\t<div class=\"elementor-widget-container\">\n\t\t\t\t\t<h2 class=\"elementor-heading-title elementor-size-default\">Stay or explore?<\/h2>\t\t\t\t<\/div>\n\t\t\t\t<\/div>\n\t\t\t\t<div class=\"elementor-element elementor-element-1700e20 elementor-widget__width-initial elementor-widget elementor-widget-text-editor\" data-id=\"1700e20\" data-element_type=\"widget\" data-e-type=\"widget\" data-widget_type=\"text-editor.default\">\n\t\t\t\t<div class=\"elementor-widget-container\">\n\t\t\t\t\t\t\t\t\t<p>The location of the Bettstadt Apartments is magnificent. Sterzing is a beautiful Alpine town that combines historic charm and a modern touch. At the same time, we are surrounded by fabulous natural landscapes \u2013 a dream for\u00a0active holidaymakers\u00a0at any time of year. Can\u2019t wait to stay in your holiday apartment? Plan your stay now.<\/p>\n\t\t\t\t\t\t\t\t<\/div>\n\t\t\t\t<\/div>\n\t\t<div class=\"elementor-element elementor-element-e108764 e-flex e-con-boxed e-con e-child\" data-id=\"e108764\" data-element_type=\"container\" data-e-type=\"container\">\n\t\t\t\t\t<div class=\"e-con-inner\">\n\t\t\t\t<div class=\"elementor-element elementor-element-297d1fb elementor-align-center elementor-mobile-align-right elementor-widget elementor-widget-button\" data-id=\"297d1fb\" data-element_type=\"widget\" data-e-type=\"widget\" data-widget_type=\"button.default\">\n\t\t\t\t<div class=\"elementor-widget-container\">\n\t\t\t\t\t\t\t\t\t<div class=\"elementor-button-wrapper\">\n\t\t\t\t\t<a class=\"elementor-button elementor-button-link elementor-size-sm\" href=\"https:\/\/bettstadt.it\/en\/about-us\/contact-directions\/\">\n\t\t\t\t\t\t<span class=\"elementor-button-content-wrapper\">\n\t\t\t\t\t\t\t\t\t<span class=\"elementor-button-text\">Contact and directions<\/span>\n\t\t\t\t\t<\/span>\n\t\t\t\t\t<\/a>\n\t\t\t\t<\/div>\n\t\t\t\t\t\t\t\t<\/div>\n\t\t\t\t<\/div>\n\t\t\t\t\t<\/div>\n\t\t\t\t<\/div>\n\t\t\t\t\t<\/div>\n\t\t\t\t<\/div>\n\t\t\t\t\t<\/div>\n\t\t\t\t<\/div>\n\t\t\t\t<\/div>\n\t\t","protected":false},"excerpt":{"rendered":"<p>Your Hosts Being a host is the most wonderful job imaginable. We always get to meet new people who broaden our horizons. And we get to share what we love so much with our guests: our apartments, the charming town of\u00a0Sterzing, and\u00a0South Tyrolean nature. We never stand still and are always coming up with special [&hellip;]<\/p>\n","protected":false},"author":1,"featured_media":1227,"parent":0,"menu_order":0,"comment_status":"closed","ping_status":"closed","template":"","meta":{"_acf_changed":false,"footnotes":""},"seitenkategorie":[38],"class_list":["post-2009","page","type-page","status-publish","has-post-thumbnail","hentry","seitenkategorie-pink-en"],"acf":[],"yoast_head":"<!-- This site is optimized with the Yoast SEO plugin v27.0 - https:\/\/yoast.com\/product\/yoast-seo-wordpress\/ -->\n<title>About us - Bettstadt Apartments - Claudia and Marcel Rainer, hosts from the heart<\/title>\n<meta name=\"description\" content=\"Als Gastgeber ist es f\u00fcr uns eine Freude, neue Menschen zu treffen und unsere Liebe f\u00fcr Sterzing und die Sch\u00f6nheit S\u00fcdtirols zu teilen.\" \/>\n<meta name=\"robots\" content=\"index, follow, max-snippet:-1, max-image-preview:large, max-video-preview:-1\" \/>\n<link rel=\"canonical\" href=\"https:\/\/bettstadt.it\/en\/about-us\/\" \/>\n<meta property=\"og:locale\" content=\"en_US\" \/>\n<meta property=\"og:type\" content=\"article\" \/>\n<meta property=\"og:title\" content=\"About us - Bettstadt Apartments - Claudia and Marcel Rainer, hosts from the heart\" \/>\n<meta property=\"og:description\" content=\"Als Gastgeber ist es f\u00fcr uns eine Freude, neue Menschen zu treffen und unsere Liebe f\u00fcr Sterzing und die Sch\u00f6nheit S\u00fcdtirols zu teilen.\" \/>\n<meta property=\"og:url\" content=\"https:\/\/bettstadt.it\/en\/about-us\/\" \/>\n<meta property=\"og:site_name\" content=\"Bettstadt Apartments\" \/>\n<meta property=\"article:publisher\" content=\"https:\/\/www.facebook.com\/Bettstadt.Apartments\" \/>\n<meta property=\"article:modified_time\" content=\"2023-12-21T13:57:39+00:00\" \/>\n<meta property=\"og:image\" content=\"https:\/\/bettstadt.it\/wp-content\/uploads\/2023\/11\/Bettstadt-101323-27-Web-\u00a9Freiundzeit.jpg\" \/>\n\t<meta property=\"og:image:width\" content=\"2048\" \/>\n\t<meta property=\"og:image:height\" content=\"1366\" \/>\n\t<meta property=\"og:image:type\" content=\"image\/jpeg\" \/>\n<meta name=\"twitter:card\" content=\"summary_large_image\" \/>\n<meta name=\"twitter:label1\" content=\"Est. reading time\" \/>\n\t<meta name=\"twitter:data1\" content=\"1 minute\" \/>\n<script type=\"application\/ld+json\" class=\"yoast-schema-graph\">{\"@context\":\"https:\/\/schema.org\",\"@graph\":[{\"@type\":\"WebPage\",\"@id\":\"https:\/\/bettstadt.it\/en\/about-us\/\",\"url\":\"https:\/\/bettstadt.it\/en\/about-us\/\",\"name\":\"About us - Bettstadt Apartments - Claudia and Marcel Rainer, hosts from the heart\",\"isPartOf\":{\"@id\":\"https:\/\/bettstadt.it\/en\/#website\"},\"primaryImageOfPage\":{\"@id\":\"https:\/\/bettstadt.it\/en\/about-us\/#primaryimage\"},\"image\":{\"@id\":\"https:\/\/bettstadt.it\/en\/about-us\/#primaryimage\"},\"thumbnailUrl\":\"https:\/\/bettstadt.it\/wp-content\/uploads\/2023\/11\/Bettstadt-101323-27-Web-\u00a9Freiundzeit.jpg\",\"datePublished\":\"2023-11-07T15:20:59+00:00\",\"dateModified\":\"2023-12-21T13:57:39+00:00\",\"description\":\"Als Gastgeber ist es f\u00fcr uns eine Freude, neue Menschen zu treffen und unsere Liebe f\u00fcr Sterzing und die Sch\u00f6nheit S\u00fcdtirols zu teilen.\",\"breadcrumb\":{\"@id\":\"https:\/\/bettstadt.it\/en\/about-us\/#breadcrumb\"},\"inLanguage\":\"en-US\",\"potentialAction\":[{\"@type\":\"ReadAction\",\"target\":[\"https:\/\/bettstadt.it\/en\/about-us\/\"]}]},{\"@type\":\"ImageObject\",\"inLanguage\":\"en-US\",\"@id\":\"https:\/\/bettstadt.it\/en\/about-us\/#primaryimage\",\"url\":\"https:\/\/bettstadt.it\/wp-content\/uploads\/2023\/11\/Bettstadt-101323-27-Web-\u00a9Freiundzeit.jpg\",\"contentUrl\":\"https:\/\/bettstadt.it\/wp-content\/uploads\/2023\/11\/Bettstadt-101323-27-Web-\u00a9Freiundzeit.jpg\",\"width\":2048,\"height\":1366},{\"@type\":\"BreadcrumbList\",\"@id\":\"https:\/\/bettstadt.it\/en\/about-us\/#breadcrumb\",\"itemListElement\":[{\"@type\":\"ListItem\",\"position\":1,\"name\":\"Home\",\"item\":\"https:\/\/bettstadt.it\/en\/\"},{\"@type\":\"ListItem\",\"position\":2,\"name\":\"About us\"}]},{\"@type\":\"WebSite\",\"@id\":\"https:\/\/bettstadt.it\/en\/#website\",\"url\":\"https:\/\/bettstadt.it\/en\/\",\"name\":\"Bettstadt Apartments\",\"description\":\"Ihre Ferienwohnung im Herzen von Sterzing\",\"publisher\":{\"@id\":\"https:\/\/bettstadt.it\/en\/#organization\"},\"potentialAction\":[{\"@type\":\"SearchAction\",\"target\":{\"@type\":\"EntryPoint\",\"urlTemplate\":\"https:\/\/bettstadt.it\/en\/?s={search_term_string}\"},\"query-input\":{\"@type\":\"PropertyValueSpecification\",\"valueRequired\":true,\"valueName\":\"search_term_string\"}}],\"inLanguage\":\"en-US\"},{\"@type\":\"Organization\",\"@id\":\"https:\/\/bettstadt.it\/en\/#organization\",\"name\":\"Bettstadt Apartments\",\"url\":\"https:\/\/bettstadt.it\/en\/\",\"logo\":{\"@type\":\"ImageObject\",\"inLanguage\":\"en-US\",\"@id\":\"https:\/\/bettstadt.it\/en\/#\/schema\/logo\/image\/\",\"url\":\"https:\/\/bettstadt.it\/wp-content\/uploads\/2023\/10\/bettstadt-logo-blau.png\",\"contentUrl\":\"https:\/\/bettstadt.it\/wp-content\/uploads\/2023\/10\/bettstadt-logo-blau.png\",\"width\":1220,\"height\":205,\"caption\":\"Bettstadt Apartments\"},\"image\":{\"@id\":\"https:\/\/bettstadt.it\/en\/#\/schema\/logo\/image\/\"},\"sameAs\":[\"https:\/\/www.facebook.com\/Bettstadt.Apartments\",\"https:\/\/www.instagram.com\/bettstadt.apartments\/\"]}]}<\/script>\n<!-- \/ Yoast SEO plugin. -->","yoast_head_json":{"title":"About us - Bettstadt Apartments - Claudia and Marcel Rainer, hosts from the heart","description":"Als Gastgeber ist es f\u00fcr uns eine Freude, neue Menschen zu treffen und unsere Liebe f\u00fcr Sterzing und die Sch\u00f6nheit S\u00fcdtirols zu teilen.","robots":{"index":"index","follow":"follow","max-snippet":"max-snippet:-1","max-image-preview":"max-image-preview:large","max-video-preview":"max-video-preview:-1"},"canonical":"https:\/\/bettstadt.it\/en\/about-us\/","og_locale":"en_US","og_type":"article","og_title":"About us - Bettstadt Apartments - Claudia and Marcel Rainer, hosts from the heart","og_description":"Als Gastgeber ist es f\u00fcr uns eine Freude, neue Menschen zu treffen und unsere Liebe f\u00fcr Sterzing und die Sch\u00f6nheit S\u00fcdtirols zu teilen.","og_url":"https:\/\/bettstadt.it\/en\/about-us\/","og_site_name":"Bettstadt Apartments","article_publisher":"https:\/\/www.facebook.com\/Bettstadt.Apartments","article_modified_time":"2023-12-21T13:57:39+00:00","og_image":[{"width":2048,"height":1366,"url":"https:\/\/bettstadt.it\/wp-content\/uploads\/2023\/11\/Bettstadt-101323-27-Web-\u00a9Freiundzeit.jpg","type":"image\/jpeg"}],"twitter_card":"summary_large_image","twitter_misc":{"Est. reading time":"1 minute"},"schema":{"@context":"https:\/\/schema.org","@graph":[{"@type":"WebPage","@id":"https:\/\/bettstadt.it\/en\/about-us\/","url":"https:\/\/bettstadt.it\/en\/about-us\/","name":"About us - Bettstadt Apartments - Claudia and Marcel Rainer, hosts from the heart","isPartOf":{"@id":"https:\/\/bettstadt.it\/en\/#website"},"primaryImageOfPage":{"@id":"https:\/\/bettstadt.it\/en\/about-us\/#primaryimage"},"image":{"@id":"https:\/\/bettstadt.it\/en\/about-us\/#primaryimage"},"thumbnailUrl":"https:\/\/bettstadt.it\/wp-content\/uploads\/2023\/11\/Bettstadt-101323-27-Web-\u00a9Freiundzeit.jpg","datePublished":"2023-11-07T15:20:59+00:00","dateModified":"2023-12-21T13:57:39+00:00","description":"Als Gastgeber ist es f\u00fcr uns eine Freude, neue Menschen zu treffen und unsere Liebe f\u00fcr Sterzing und die Sch\u00f6nheit S\u00fcdtirols zu teilen.","breadcrumb":{"@id":"https:\/\/bettstadt.it\/en\/about-us\/#breadcrumb"},"inLanguage":"en-US","potentialAction":[{"@type":"ReadAction","target":["https:\/\/bettstadt.it\/en\/about-us\/"]}]},{"@type":"ImageObject","inLanguage":"en-US","@id":"https:\/\/bettstadt.it\/en\/about-us\/#primaryimage","url":"https:\/\/bettstadt.it\/wp-content\/uploads\/2023\/11\/Bettstadt-101323-27-Web-\u00a9Freiundzeit.jpg","contentUrl":"https:\/\/bettstadt.it\/wp-content\/uploads\/2023\/11\/Bettstadt-101323-27-Web-\u00a9Freiundzeit.jpg","width":2048,"height":1366},{"@type":"BreadcrumbList","@id":"https:\/\/bettstadt.it\/en\/about-us\/#breadcrumb","itemListElement":[{"@type":"ListItem","position":1,"name":"Home","item":"https:\/\/bettstadt.it\/en\/"},{"@type":"ListItem","position":2,"name":"About us"}]},{"@type":"WebSite","@id":"https:\/\/bettstadt.it\/en\/#website","url":"https:\/\/bettstadt.it\/en\/","name":"Bettstadt Apartments","description":"Ihre Ferienwohnung im Herzen von Sterzing","publisher":{"@id":"https:\/\/bettstadt.it\/en\/#organization"},"potentialAction":[{"@type":"SearchAction","target":{"@type":"EntryPoint","urlTemplate":"https:\/\/bettstadt.it\/en\/?s={search_term_string}"},"query-input":{"@type":"PropertyValueSpecification","valueRequired":true,"valueName":"search_term_string"}}],"inLanguage":"en-US"},{"@type":"Organization","@id":"https:\/\/bettstadt.it\/en\/#organization","name":"Bettstadt Apartments","url":"https:\/\/bettstadt.it\/en\/","logo":{"@type":"ImageObject","inLanguage":"en-US","@id":"https:\/\/bettstadt.it\/en\/#\/schema\/logo\/image\/","url":"https:\/\/bettstadt.it\/wp-content\/uploads\/2023\/10\/bettstadt-logo-blau.png","contentUrl":"https:\/\/bettstadt.it\/wp-content\/uploads\/2023\/10\/bettstadt-logo-blau.png","width":1220,"height":205,"caption":"Bettstadt Apartments"},"image":{"@id":"https:\/\/bettstadt.it\/en\/#\/schema\/logo\/image\/"},"sameAs":["https:\/\/www.facebook.com\/Bettstadt.Apartments","https:\/\/www.instagram.com\/bettstadt.apartments\/"]}]}},"_links":{"self":[{"href":"https:\/\/bettstadt.it\/en\/wp-json\/wp\/v2\/pages\/2009","targetHints":{"allow":["GET"]}}],"collection":[{"href":"https:\/\/bettstadt.it\/en\/wp-json\/wp\/v2\/pages"}],"about":[{"href":"https:\/\/bettstadt.it\/en\/wp-json\/wp\/v2\/types\/page"}],"author":[{"embeddable":true,"href":"https:\/\/bettstadt.it\/en\/wp-json\/wp\/v2\/users\/1"}],"replies":[{"embeddable":true,"href":"https:\/\/bettstadt.it\/en\/wp-json\/wp\/v2\/comments?post=2009"}],"version-history":[{"count":1,"href":"https:\/\/bettstadt.it\/en\/wp-json\/wp\/v2\/pages\/2009\/revisions"}],"predecessor-version":[{"id":2957,"href":"https:\/\/bettstadt.it\/en\/wp-json\/wp\/v2\/pages\/2009\/revisions\/2957"}],"wp:featuredmedia":[{"embeddable":true,"href":"https:\/\/bettstadt.it\/en\/wp-json\/wp\/v2\/media\/1227"}],"wp:attachment":[{"href":"https:\/\/bettstadt.it\/en\/wp-json\/wp\/v2\/media?parent=2009"}],"wp:term":[{"taxonomy":"seitenkategorie","embeddable":true,"href":"https:\/\/bettstadt.it\/en\/wp-json\/wp\/v2\/seitenkategorie?post=2009"}],"curies":[{"name":"wp","href":"https:\/\/api.w.org\/{rel}","templated":true}]}}