{"id":2007,"date":"2023-11-07T16:20:59","date_gmt":"2023-11-07T15:20:59","guid":{"rendered":"https:\/\/bettstadt.it\/chi-siamo\/"},"modified":"2023-12-21T14:57:13","modified_gmt":"2023-12-21T13:57:13","slug":"chi-siamo","status":"publish","type":"page","link":"https:\/\/bettstadt.it\/it\/chi-siamo\/","title":{"rendered":"Chi siamo"},"content":{"rendered":"\t\t<div data-elementor-type=\"wp-page\" data-elementor-id=\"2007\" class=\"elementor elementor-2007 elementor-25\" data-elementor-post-type=\"page\">\n\t\t\t\t<div class=\"elementor-element elementor-element-c4d92c8 e-flex e-con-boxed e-con e-parent\" data-id=\"c4d92c8\" data-element_type=\"container\" data-e-type=\"container\">\n\t\t\t\t\t<div class=\"e-con-inner\">\n\t\t<div class=\"elementor-element elementor-element-7de14c8 e-flex e-con-boxed e-con e-child\" data-id=\"7de14c8\" data-element_type=\"container\" data-e-type=\"container\">\n\t\t\t\t\t<div class=\"e-con-inner\">\n\t\t\t\t<div class=\"elementor-element elementor-element-52c047d elementor-widget elementor-widget-heading\" data-id=\"52c047d\" data-element_type=\"widget\" data-e-type=\"widget\" data-widget_type=\"heading.default\">\n\t\t\t\t<div class=\"elementor-widget-container\">\n\t\t\t\t\t<h2 class=\"elementor-heading-title elementor-size-default\">I padroni di casa<\/h2>\t\t\t\t<\/div>\n\t\t\t\t<\/div>\n\t\t<div class=\"elementor-element elementor-element-a4cc0f1 e-flex e-con-boxed e-con e-child\" data-id=\"a4cc0f1\" data-element_type=\"container\" data-e-type=\"container\">\n\t\t\t\t\t<div class=\"e-con-inner\">\n\t\t\t\t<div class=\"elementor-element elementor-element-1f6f2b3 elementor-widget elementor-widget-image\" data-id=\"1f6f2b3\" data-element_type=\"widget\" data-e-type=\"widget\" data-widget_type=\"image.default\">\n\t\t\t\t<div class=\"elementor-widget-container\">\n\t\t\t\t\t\t\t\t\t\t\t\t\t\t\t<img fetchpriority=\"high\" decoding=\"async\" width=\"1536\" height=\"1025\" src=\"https:\/\/bettstadt.it\/wp-content\/uploads\/2023\/12\/Bettstadt-Portraits-_K2A9675-Web-\u00a9Freiundzeit-2-1536x1025.jpg\" class=\"attachment-1536x1536 size-1536x1536 wp-image-2790\" alt=\"\" srcset=\"https:\/\/bettstadt.it\/wp-content\/uploads\/2023\/12\/Bettstadt-Portraits-_K2A9675-Web-\u00a9Freiundzeit-2-1536x1025.jpg 1536w, https:\/\/bettstadt.it\/wp-content\/uploads\/2023\/12\/Bettstadt-Portraits-_K2A9675-Web-\u00a9Freiundzeit-2-300x200.jpg 300w, https:\/\/bettstadt.it\/wp-content\/uploads\/2023\/12\/Bettstadt-Portraits-_K2A9675-Web-\u00a9Freiundzeit-2-1024x683.jpg 1024w, https:\/\/bettstadt.it\/wp-content\/uploads\/2023\/12\/Bettstadt-Portraits-_K2A9675-Web-\u00a9Freiundzeit-2-768x512.jpg 768w, https:\/\/bettstadt.it\/wp-content\/uploads\/2023\/12\/Bettstadt-Portraits-_K2A9675-Web-\u00a9Freiundzeit-2.jpg 1700w\" sizes=\"(max-width: 1536px) 100vw, 1536px\" \/>\t\t\t\t\t\t\t\t\t\t\t\t\t\t\t<\/div>\n\t\t\t\t<\/div>\n\t\t\t\t\t<\/div>\n\t\t\t\t<\/div>\n\t\t\t\t<div class=\"elementor-element elementor-element-7d26faa elementor-widget__width-initial elementor-widget elementor-widget-text-editor\" data-id=\"7d26faa\" data-element_type=\"widget\" data-e-type=\"widget\" data-widget_type=\"text-editor.default\">\n\t\t\t\t<div class=\"elementor-widget-container\">\n\t\t\t\t\t\t\t\t\t<p>Il nostro \u00e8 il lavoro pi\u00f9 bello del mondo. Incontriamo sempre nuove persone che ampliano i nostri orizzonti e possiamo condividere con loro ci\u00f2 che amiamo di pi\u00f9: la nostra casa, la bella\u00a0Vipiteno, la\u00a0natura altoatesina. Non stiamo mai fermi e ci piace dare vita a momenti speciali. Benvenuti! Siamo\u00a0Claudia\u00a0e\u00a0Marcel, madre-figlio a capo dei Bettstadt Apartments. \u00c8 un piacere avervi qui!<\/p>\n\t\t\t\t\t\t\t\t<\/div>\n\t\t\t\t<\/div>\n\t\t\t\t\t<\/div>\n\t\t\t\t<\/div>\n\t\t\t\t\t<\/div>\n\t\t\t\t<\/div>\n\t\t<div class=\"elementor-element elementor-element-d22e05e e-flex e-con-boxed e-con e-parent\" data-id=\"d22e05e\" data-element_type=\"container\" data-e-type=\"container\">\n\t\t\t\t\t<div class=\"e-con-inner\">\n\t\t<div class=\"elementor-element elementor-element-60658bf e-flex e-con-boxed e-con e-child\" data-id=\"60658bf\" data-element_type=\"container\" data-e-type=\"container\">\n\t\t\t\t\t<div class=\"e-con-inner\">\n\t\t<div class=\"elementor-element elementor-element-60559fa e-flex e-con-boxed e-con e-child\" data-id=\"60559fa\" data-element_type=\"container\" data-e-type=\"container\">\n\t\t\t\t\t<div class=\"e-con-inner\">\n\t\t\t\t<div class=\"elementor-element elementor-element-94611d2 elementor-widget elementor-widget-heading\" data-id=\"94611d2\" data-element_type=\"widget\" data-e-type=\"widget\" data-widget_type=\"heading.default\">\n\t\t\t\t<div class=\"elementor-widget-container\">\n\t\t\t\t\t<h2 class=\"elementor-heading-title elementor-size-default\">La vostra casa per un po\u2019<\/h2>\t\t\t\t<\/div>\n\t\t\t\t<\/div>\n\t\t\t\t<div class=\"elementor-element elementor-element-4a28adb elementor-widget elementor-widget-image\" data-id=\"4a28adb\" data-element_type=\"widget\" data-e-type=\"widget\" data-widget_type=\"image.default\">\n\t\t\t\t<div class=\"elementor-widget-container\">\n\t\t\t\t\t\t\t\t\t\t\t\t\t\t\t<img decoding=\"async\" width=\"2048\" height=\"1366\" src=\"https:\/\/bettstadt.it\/wp-content\/uploads\/2023\/11\/Bettstadt-101323-50-Web-\u00a9Freiundzeit.jpg\" class=\"attachment-full size-full wp-image-1232\" alt=\"\" srcset=\"https:\/\/bettstadt.it\/wp-content\/uploads\/2023\/11\/Bettstadt-101323-50-Web-\u00a9Freiundzeit.jpg 2048w, https:\/\/bettstadt.it\/wp-content\/uploads\/2023\/11\/Bettstadt-101323-50-Web-\u00a9Freiundzeit-300x200.jpg 300w, https:\/\/bettstadt.it\/wp-content\/uploads\/2023\/11\/Bettstadt-101323-50-Web-\u00a9Freiundzeit-1024x683.jpg 1024w, https:\/\/bettstadt.it\/wp-content\/uploads\/2023\/11\/Bettstadt-101323-50-Web-\u00a9Freiundzeit-768x512.jpg 768w, https:\/\/bettstadt.it\/wp-content\/uploads\/2023\/11\/Bettstadt-101323-50-Web-\u00a9Freiundzeit-1536x1025.jpg 1536w\" sizes=\"(max-width: 2048px) 100vw, 2048px\" \/>\t\t\t\t\t\t\t\t\t\t\t\t\t\t\t<\/div>\n\t\t\t\t<\/div>\n\t\t\t\t\t<\/div>\n\t\t\t\t<\/div>\n\t\t<div class=\"elementor-element elementor-element-fd8e361 e-flex e-con-boxed e-con e-child\" data-id=\"fd8e361\" data-element_type=\"container\" data-e-type=\"container\">\n\t\t\t\t\t<div class=\"e-con-inner\">\n\t\t\t\t<div class=\"elementor-element elementor-element-7ce6a22 elementor-widget__width-initial elementor-widget elementor-widget-text-editor\" data-id=\"7ce6a22\" data-element_type=\"widget\" data-e-type=\"widget\" data-widget_type=\"text-editor.default\">\n\t\t\t\t<div class=\"elementor-widget-container\">\n\t\t\t\t\t\t\t\t\t<p>Siete persone autonome, a cui in vacanza non piace essere vincolati all\u2019orario di un ristorante o a un menu fisso? Allora mantenete i\u00a0vostri ritmi, trovate il vostro ristorante preferito, vivete la citt\u00e0 attraverso gli occhi della gente del posto: nei nostri appartamenti potrete sempre fare ci\u00f2 che vi piace di pi\u00f9.<\/p>\n\t\t\t\t\t\t\t\t<\/div>\n\t\t\t\t<\/div>\n\t\t\t\t\t<\/div>\n\t\t\t\t<\/div>\n\t\t\t\t\t<\/div>\n\t\t\t\t<\/div>\n\t\t\t\t\t<\/div>\n\t\t\t\t<\/div>\n\t\t<div class=\"elementor-element elementor-element-8cc0271 e-flex e-con-boxed e-con e-parent\" data-id=\"8cc0271\" data-element_type=\"container\" data-e-type=\"container\" data-settings=\"{&quot;background_background&quot;:&quot;classic&quot;}\">\n\t\t\t\t\t<div class=\"e-con-inner\">\n\t\t<div class=\"elementor-element elementor-element-393028e e-flex e-con-boxed e-con e-child\" data-id=\"393028e\" data-element_type=\"container\" data-e-type=\"container\">\n\t\t\t\t\t<div class=\"e-con-inner\">\n\t\t\t\t<div class=\"elementor-element elementor-element-1766b58 elementor-widget__width-initial elementor-widget elementor-widget-text-editor\" data-id=\"1766b58\" data-element_type=\"widget\" data-e-type=\"widget\" data-widget_type=\"text-editor.default\">\n\t\t\t\t<div class=\"elementor-widget-container\">\n\t\t\t\t\t\t\t\t\t<p><span style=\"font-family: 'Kaftan Serif', sans-serif;\">Super easy: questo \u00e8 il nostro motto. In vacanza ci vuole soprattutto una cosa:<\/span> libert\u00e0 illimitata.<\/p>\n\t\t\t\t\t\t\t\t<\/div>\n\t\t\t\t<\/div>\n\t\t\t\t<div class=\"elementor-element elementor-element-484f339 elementor-widget elementor-widget-heading\" data-id=\"484f339\" data-element_type=\"widget\" data-e-type=\"widget\" data-widget_type=\"heading.default\">\n\t\t\t\t<div class=\"elementor-widget-container\">\n\t\t\t\t\t<div class=\"elementor-heading-title elementor-size-default\">Claudia Rainer<\/div>\t\t\t\t<\/div>\n\t\t\t\t<\/div>\n\t\t\t\t<div class=\"elementor-element elementor-element-2d5ca57 elementor-align-center elementor-mobile-align-left elementor-widget elementor-widget-button\" data-id=\"2d5ca57\" data-element_type=\"widget\" data-e-type=\"widget\" data-widget_type=\"button.default\">\n\t\t\t\t<div class=\"elementor-widget-container\">\n\t\t\t\t\t\t\t\t\t<div class=\"elementor-button-wrapper\">\n\t\t\t\t\t<a class=\"elementor-button elementor-button-link elementor-size-sm\" href=\"https:\/\/bettstadt.it\/it\/il-vostro-soggiorno\/appartamenti-camere\/\">\n\t\t\t\t\t\t<span class=\"elementor-button-content-wrapper\">\n\t\t\t\t\t\t\t\t\t<span class=\"elementor-button-text\">Trova qui l'appartamento perfetto<\/span>\n\t\t\t\t\t<\/span>\n\t\t\t\t\t<\/a>\n\t\t\t\t<\/div>\n\t\t\t\t\t\t\t\t<\/div>\n\t\t\t\t<\/div>\n\t\t\t\t\t<\/div>\n\t\t\t\t<\/div>\n\t\t\t\t\t<\/div>\n\t\t\t\t<\/div>\n\t\t<div class=\"elementor-element elementor-element-3baee48 e-flex e-con-boxed e-con e-parent\" data-id=\"3baee48\" data-element_type=\"container\" data-e-type=\"container\">\n\t\t\t\t\t<div class=\"e-con-inner\">\n\t\t<div class=\"elementor-element elementor-element-c20ffc7 e-flex e-con-boxed e-con e-child\" data-id=\"c20ffc7\" data-element_type=\"container\" data-e-type=\"container\">\n\t\t\t\t\t<div class=\"e-con-inner\">\n\t\t\t\t<div class=\"elementor-element elementor-element-d36d825 elementor-widget elementor-widget-heading\" data-id=\"d36d825\" data-element_type=\"widget\" data-e-type=\"widget\" data-widget_type=\"heading.default\">\n\t\t\t\t<div class=\"elementor-widget-container\">\n\t\t\t\t\t<h2 class=\"elementor-heading-title elementor-size-default\">Restare o andar via?<\/h2>\t\t\t\t<\/div>\n\t\t\t\t<\/div>\n\t\t\t\t<div class=\"elementor-element elementor-element-1700e20 elementor-widget__width-initial elementor-widget elementor-widget-text-editor\" data-id=\"1700e20\" data-element_type=\"widget\" data-e-type=\"widget\" data-widget_type=\"text-editor.default\">\n\t\t\t\t<div class=\"elementor-widget-container\">\n\t\t\t\t\t\t\t\t\t<p>La posizione dei Bettstadt Apartments \u00e8 fantastica. Vipiteno \u00e8 una splendida citt\u00e0 alpina che unisce fascino storico e modernit\u00e0. Inoltre, siamo circondati da favolosi paesaggi naturali: un sogno per i\u00a0vacanzieri attivi\u00a0in qualsiasi periodo dell\u2019anno. Non vedete l\u2019ora di trovare il vostro appartamento? Pianificate il vostro arrivo.<\/p>\n\t\t\t\t\t\t\t\t<\/div>\n\t\t\t\t<\/div>\n\t\t<div class=\"elementor-element elementor-element-e108764 e-flex e-con-boxed e-con e-child\" data-id=\"e108764\" data-element_type=\"container\" data-e-type=\"container\">\n\t\t\t\t\t<div class=\"e-con-inner\">\n\t\t\t\t<div class=\"elementor-element elementor-element-297d1fb elementor-align-center elementor-mobile-align-right elementor-widget elementor-widget-button\" data-id=\"297d1fb\" data-element_type=\"widget\" data-e-type=\"widget\" data-widget_type=\"button.default\">\n\t\t\t\t<div class=\"elementor-widget-container\">\n\t\t\t\t\t\t\t\t\t<div class=\"elementor-button-wrapper\">\n\t\t\t\t\t<a class=\"elementor-button elementor-button-link elementor-size-sm\" href=\"https:\/\/bettstadt.it\/it\/chi-siamo\/contatti-approccio\/\">\n\t\t\t\t\t\t<span class=\"elementor-button-content-wrapper\">\n\t\t\t\t\t\t\t\t\t<span class=\"elementor-button-text\">Ecco come raggiungerci<\/span>\n\t\t\t\t\t<\/span>\n\t\t\t\t\t<\/a>\n\t\t\t\t<\/div>\n\t\t\t\t\t\t\t\t<\/div>\n\t\t\t\t<\/div>\n\t\t\t\t\t<\/div>\n\t\t\t\t<\/div>\n\t\t\t\t\t<\/div>\n\t\t\t\t<\/div>\n\t\t\t\t\t<\/div>\n\t\t\t\t<\/div>\n\t\t\t\t<\/div>\n\t\t","protected":false},"excerpt":{"rendered":"<p>I padroni di casa Il nostro \u00e8 il lavoro pi\u00f9 bello del mondo. Incontriamo sempre nuove persone che ampliano i nostri orizzonti e possiamo condividere con loro ci\u00f2 che amiamo di pi\u00f9: la nostra casa, la bella\u00a0Vipiteno, la\u00a0natura altoatesina. Non stiamo mai fermi e ci piace dare vita a momenti speciali. Benvenuti! Siamo\u00a0Claudia\u00a0e\u00a0Marcel, madre-figlio a [&hellip;]<\/p>\n","protected":false},"author":1,"featured_media":1228,"parent":0,"menu_order":0,"comment_status":"closed","ping_status":"closed","template":"","meta":{"_acf_changed":false,"footnotes":""},"seitenkategorie":[34],"class_list":["post-2007","page","type-page","status-publish","has-post-thumbnail","hentry","seitenkategorie-pink-it"],"acf":[],"yoast_head":"<!-- This site is optimized with the Yoast SEO plugin v27.0 - https:\/\/yoast.com\/product\/yoast-seo-wordpress\/ -->\n<title>Chi siamo - Bettstadt Apartments - Claudia e Marcel Rainer, padroni di casa dal cuore<\/title>\n<meta name=\"description\" content=\"Come padroni di casa, \u00e8 un piacere per noi conoscere nuove persone e condividere il nostro amore per Vipiteno e la bellezza dell&#039;Alto Adige.\" \/>\n<meta name=\"robots\" content=\"index, follow, max-snippet:-1, max-image-preview:large, max-video-preview:-1\" \/>\n<link rel=\"canonical\" href=\"https:\/\/bettstadt.it\/it\/chi-siamo\/\" \/>\n<meta property=\"og:locale\" content=\"it_IT\" \/>\n<meta property=\"og:type\" content=\"article\" \/>\n<meta property=\"og:title\" content=\"Chi siamo - Bettstadt Apartments - Claudia e Marcel Rainer, padroni di casa dal cuore\" \/>\n<meta property=\"og:description\" content=\"Come padroni di casa, \u00e8 un piacere per noi conoscere nuove persone e condividere il nostro amore per Vipiteno e la bellezza dell&#039;Alto Adige.\" \/>\n<meta property=\"og:url\" content=\"https:\/\/bettstadt.it\/it\/chi-siamo\/\" \/>\n<meta property=\"og:site_name\" content=\"Bettstadt Apartments\" \/>\n<meta property=\"article:publisher\" content=\"https:\/\/www.facebook.com\/Bettstadt.Apartments\" \/>\n<meta property=\"article:modified_time\" content=\"2023-12-21T13:57:13+00:00\" \/>\n<meta property=\"og:image\" content=\"https:\/\/bettstadt.it\/wp-content\/uploads\/2023\/11\/Bettstadt-101323-27-Web-\u00a9Freiundzeit.jpg\" \/>\n\t<meta property=\"og:image:width\" content=\"2048\" \/>\n\t<meta property=\"og:image:height\" content=\"1366\" \/>\n\t<meta property=\"og:image:type\" content=\"image\/jpeg\" \/>\n<meta name=\"twitter:card\" content=\"summary_large_image\" \/>\n<meta name=\"twitter:label1\" content=\"Tempo di lettura stimato\" \/>\n\t<meta name=\"twitter:data1\" content=\"1 minuto\" \/>\n<script type=\"application\/ld+json\" class=\"yoast-schema-graph\">{\"@context\":\"https:\/\/schema.org\",\"@graph\":[{\"@type\":\"WebPage\",\"@id\":\"https:\/\/bettstadt.it\/it\/chi-siamo\/\",\"url\":\"https:\/\/bettstadt.it\/it\/chi-siamo\/\",\"name\":\"Chi siamo - Bettstadt Apartments - Claudia e Marcel Rainer, padroni di casa dal cuore\",\"isPartOf\":{\"@id\":\"https:\/\/bettstadt.it\/it\/#website\"},\"primaryImageOfPage\":{\"@id\":\"https:\/\/bettstadt.it\/it\/chi-siamo\/#primaryimage\"},\"image\":{\"@id\":\"https:\/\/bettstadt.it\/it\/chi-siamo\/#primaryimage\"},\"thumbnailUrl\":\"https:\/\/bettstadt.it\/wp-content\/uploads\/2023\/11\/Bettstadt-101323-27-Web-\u00a9Freiundzeit.jpg\",\"datePublished\":\"2023-11-07T15:20:59+00:00\",\"dateModified\":\"2023-12-21T13:57:13+00:00\",\"description\":\"Come padroni di casa, \u00e8 un piacere per noi conoscere nuove persone e condividere il nostro amore per Vipiteno e la bellezza dell'Alto Adige.\",\"breadcrumb\":{\"@id\":\"https:\/\/bettstadt.it\/it\/chi-siamo\/#breadcrumb\"},\"inLanguage\":\"it-IT\",\"potentialAction\":[{\"@type\":\"ReadAction\",\"target\":[\"https:\/\/bettstadt.it\/it\/chi-siamo\/\"]}]},{\"@type\":\"ImageObject\",\"inLanguage\":\"it-IT\",\"@id\":\"https:\/\/bettstadt.it\/it\/chi-siamo\/#primaryimage\",\"url\":\"https:\/\/bettstadt.it\/wp-content\/uploads\/2023\/11\/Bettstadt-101323-27-Web-\u00a9Freiundzeit.jpg\",\"contentUrl\":\"https:\/\/bettstadt.it\/wp-content\/uploads\/2023\/11\/Bettstadt-101323-27-Web-\u00a9Freiundzeit.jpg\",\"width\":2048,\"height\":1366},{\"@type\":\"BreadcrumbList\",\"@id\":\"https:\/\/bettstadt.it\/it\/chi-siamo\/#breadcrumb\",\"itemListElement\":[{\"@type\":\"ListItem\",\"position\":1,\"name\":\"Home\",\"item\":\"https:\/\/bettstadt.it\/it\/\"},{\"@type\":\"ListItem\",\"position\":2,\"name\":\"Chi siamo\"}]},{\"@type\":\"WebSite\",\"@id\":\"https:\/\/bettstadt.it\/it\/#website\",\"url\":\"https:\/\/bettstadt.it\/it\/\",\"name\":\"Bettstadt Apartments\",\"description\":\"Ihre Ferienwohnung im Herzen von Sterzing\",\"publisher\":{\"@id\":\"https:\/\/bettstadt.it\/it\/#organization\"},\"potentialAction\":[{\"@type\":\"SearchAction\",\"target\":{\"@type\":\"EntryPoint\",\"urlTemplate\":\"https:\/\/bettstadt.it\/it\/?s={search_term_string}\"},\"query-input\":{\"@type\":\"PropertyValueSpecification\",\"valueRequired\":true,\"valueName\":\"search_term_string\"}}],\"inLanguage\":\"it-IT\"},{\"@type\":\"Organization\",\"@id\":\"https:\/\/bettstadt.it\/it\/#organization\",\"name\":\"Bettstadt Apartments\",\"url\":\"https:\/\/bettstadt.it\/it\/\",\"logo\":{\"@type\":\"ImageObject\",\"inLanguage\":\"it-IT\",\"@id\":\"https:\/\/bettstadt.it\/it\/#\/schema\/logo\/image\/\",\"url\":\"https:\/\/bettstadt.it\/wp-content\/uploads\/2023\/10\/bettstadt-logo-blau.png\",\"contentUrl\":\"https:\/\/bettstadt.it\/wp-content\/uploads\/2023\/10\/bettstadt-logo-blau.png\",\"width\":1220,\"height\":205,\"caption\":\"Bettstadt Apartments\"},\"image\":{\"@id\":\"https:\/\/bettstadt.it\/it\/#\/schema\/logo\/image\/\"},\"sameAs\":[\"https:\/\/www.facebook.com\/Bettstadt.Apartments\",\"https:\/\/www.instagram.com\/bettstadt.apartments\/\"]}]}<\/script>\n<!-- \/ Yoast SEO plugin. -->","yoast_head_json":{"title":"Chi siamo - Bettstadt Apartments - Claudia e Marcel Rainer, padroni di casa dal cuore","description":"Come padroni di casa, \u00e8 un piacere per noi conoscere nuove persone e condividere il nostro amore per Vipiteno e la bellezza dell'Alto Adige.","robots":{"index":"index","follow":"follow","max-snippet":"max-snippet:-1","max-image-preview":"max-image-preview:large","max-video-preview":"max-video-preview:-1"},"canonical":"https:\/\/bettstadt.it\/it\/chi-siamo\/","og_locale":"it_IT","og_type":"article","og_title":"Chi siamo - Bettstadt Apartments - Claudia e Marcel Rainer, padroni di casa dal cuore","og_description":"Come padroni di casa, \u00e8 un piacere per noi conoscere nuove persone e condividere il nostro amore per Vipiteno e la bellezza dell'Alto Adige.","og_url":"https:\/\/bettstadt.it\/it\/chi-siamo\/","og_site_name":"Bettstadt Apartments","article_publisher":"https:\/\/www.facebook.com\/Bettstadt.Apartments","article_modified_time":"2023-12-21T13:57:13+00:00","og_image":[{"width":2048,"height":1366,"url":"https:\/\/bettstadt.it\/wp-content\/uploads\/2023\/11\/Bettstadt-101323-27-Web-\u00a9Freiundzeit.jpg","type":"image\/jpeg"}],"twitter_card":"summary_large_image","twitter_misc":{"Tempo di lettura stimato":"1 minuto"},"schema":{"@context":"https:\/\/schema.org","@graph":[{"@type":"WebPage","@id":"https:\/\/bettstadt.it\/it\/chi-siamo\/","url":"https:\/\/bettstadt.it\/it\/chi-siamo\/","name":"Chi siamo - Bettstadt Apartments - Claudia e Marcel Rainer, padroni di casa dal cuore","isPartOf":{"@id":"https:\/\/bettstadt.it\/it\/#website"},"primaryImageOfPage":{"@id":"https:\/\/bettstadt.it\/it\/chi-siamo\/#primaryimage"},"image":{"@id":"https:\/\/bettstadt.it\/it\/chi-siamo\/#primaryimage"},"thumbnailUrl":"https:\/\/bettstadt.it\/wp-content\/uploads\/2023\/11\/Bettstadt-101323-27-Web-\u00a9Freiundzeit.jpg","datePublished":"2023-11-07T15:20:59+00:00","dateModified":"2023-12-21T13:57:13+00:00","description":"Come padroni di casa, \u00e8 un piacere per noi conoscere nuove persone e condividere il nostro amore per Vipiteno e la bellezza dell'Alto Adige.","breadcrumb":{"@id":"https:\/\/bettstadt.it\/it\/chi-siamo\/#breadcrumb"},"inLanguage":"it-IT","potentialAction":[{"@type":"ReadAction","target":["https:\/\/bettstadt.it\/it\/chi-siamo\/"]}]},{"@type":"ImageObject","inLanguage":"it-IT","@id":"https:\/\/bettstadt.it\/it\/chi-siamo\/#primaryimage","url":"https:\/\/bettstadt.it\/wp-content\/uploads\/2023\/11\/Bettstadt-101323-27-Web-\u00a9Freiundzeit.jpg","contentUrl":"https:\/\/bettstadt.it\/wp-content\/uploads\/2023\/11\/Bettstadt-101323-27-Web-\u00a9Freiundzeit.jpg","width":2048,"height":1366},{"@type":"BreadcrumbList","@id":"https:\/\/bettstadt.it\/it\/chi-siamo\/#breadcrumb","itemListElement":[{"@type":"ListItem","position":1,"name":"Home","item":"https:\/\/bettstadt.it\/it\/"},{"@type":"ListItem","position":2,"name":"Chi siamo"}]},{"@type":"WebSite","@id":"https:\/\/bettstadt.it\/it\/#website","url":"https:\/\/bettstadt.it\/it\/","name":"Bettstadt Apartments","description":"Ihre Ferienwohnung im Herzen von Sterzing","publisher":{"@id":"https:\/\/bettstadt.it\/it\/#organization"},"potentialAction":[{"@type":"SearchAction","target":{"@type":"EntryPoint","urlTemplate":"https:\/\/bettstadt.it\/it\/?s={search_term_string}"},"query-input":{"@type":"PropertyValueSpecification","valueRequired":true,"valueName":"search_term_string"}}],"inLanguage":"it-IT"},{"@type":"Organization","@id":"https:\/\/bettstadt.it\/it\/#organization","name":"Bettstadt Apartments","url":"https:\/\/bettstadt.it\/it\/","logo":{"@type":"ImageObject","inLanguage":"it-IT","@id":"https:\/\/bettstadt.it\/it\/#\/schema\/logo\/image\/","url":"https:\/\/bettstadt.it\/wp-content\/uploads\/2023\/10\/bettstadt-logo-blau.png","contentUrl":"https:\/\/bettstadt.it\/wp-content\/uploads\/2023\/10\/bettstadt-logo-blau.png","width":1220,"height":205,"caption":"Bettstadt Apartments"},"image":{"@id":"https:\/\/bettstadt.it\/it\/#\/schema\/logo\/image\/"},"sameAs":["https:\/\/www.facebook.com\/Bettstadt.Apartments","https:\/\/www.instagram.com\/bettstadt.apartments\/"]}]}},"_links":{"self":[{"href":"https:\/\/bettstadt.it\/it\/wp-json\/wp\/v2\/pages\/2007","targetHints":{"allow":["GET"]}}],"collection":[{"href":"https:\/\/bettstadt.it\/it\/wp-json\/wp\/v2\/pages"}],"about":[{"href":"https:\/\/bettstadt.it\/it\/wp-json\/wp\/v2\/types\/page"}],"author":[{"embeddable":true,"href":"https:\/\/bettstadt.it\/it\/wp-json\/wp\/v2\/users\/1"}],"replies":[{"embeddable":true,"href":"https:\/\/bettstadt.it\/it\/wp-json\/wp\/v2\/comments?post=2007"}],"version-history":[{"count":1,"href":"https:\/\/bettstadt.it\/it\/wp-json\/wp\/v2\/pages\/2007\/revisions"}],"predecessor-version":[{"id":2956,"href":"https:\/\/bettstadt.it\/it\/wp-json\/wp\/v2\/pages\/2007\/revisions\/2956"}],"wp:featuredmedia":[{"embeddable":true,"href":"https:\/\/bettstadt.it\/it\/wp-json\/wp\/v2\/media\/1228"}],"wp:attachment":[{"href":"https:\/\/bettstadt.it\/it\/wp-json\/wp\/v2\/media?parent=2007"}],"wp:term":[{"taxonomy":"seitenkategorie","embeddable":true,"href":"https:\/\/bettstadt.it\/it\/wp-json\/wp\/v2\/seitenkategorie?post=2007"}],"curies":[{"name":"wp","href":"https:\/\/api.w.org\/{rel}","templated":true}]}}