{"id":2251,"date":"2023-11-07T16:22:12","date_gmt":"2023-11-07T15:22:12","guid":{"rendered":"https:\/\/bettstadt.it\/note-legali\/"},"modified":"2023-11-29T16:26:19","modified_gmt":"2023-11-29T15:26:19","slug":"note-legali","status":"publish","type":"page","link":"https:\/\/bettstadt.it\/it\/note-legali\/","title":{"rendered":"Note legali"},"content":{"rendered":"\t\t<div data-elementor-type=\"wp-page\" data-elementor-id=\"2251\" class=\"elementor elementor-2251 elementor-37\" data-elementor-post-type=\"page\">\n\t\t\t\t<div class=\"elementor-element elementor-element-40fad1c e-flex e-con-boxed e-con e-parent\" data-id=\"40fad1c\" data-element_type=\"container\" data-e-type=\"container\">\n\t\t\t\t\t<div class=\"e-con-inner\">\n\t\t<div class=\"elementor-element elementor-element-6b211d6 e-flex e-con-boxed e-con e-child\" data-id=\"6b211d6\" data-element_type=\"container\" data-e-type=\"container\">\n\t\t\t\t\t<div class=\"e-con-inner\">\n\t\t\t\t<div class=\"elementor-element elementor-element-cc6f686 elementor-widget__width-initial elementor-widget elementor-widget-text-editor\" data-id=\"cc6f686\" data-element_type=\"widget\" data-e-type=\"widget\" data-widget_type=\"text-editor.default\">\n\t\t\t\t<div class=\"elementor-widget-container\">\n\t\t\t\t\t\t\t\t\t<p><strong>Bettstadt Apartments<\/strong><\/p>\n<p>CM Srl<br \/>\nVia Streunturn 2<br \/>\n39049 Vipiteno<\/p>\n<p>Tel. +39 379 1227963<br \/>\nE-Mail:\u00a0<a href=\"mailto:info@bettstadt.it\">info@bettstadt.it<\/a><br \/>\nInternet:\u00a0<a href=\"https:\/\/www.bettstadt.it\/\" target=\"_blank\" rel=\"noopener\">www.bettstadt.it<\/a><\/p>\n<p>Legale rappresentante: Rainer Claudia<\/p>\n<p>Camera di commercio: Bolzano<br \/>\nNumero iscrizione camera di commercio: 03135750218<br \/>\nNumero REA: BZ &#8211; 235068<br \/>\nPartita IVA: IT03135750218<br \/>\nCodice fiscale: 03135750218<br \/>\nCapitale sociale: 10.000,00 \u20ac I.V.<br \/>\nResponsabile per il contenuto: Rainer Claudia (Indirizzo come sopra)<\/p>\n<p>Informazione obbligatoria ai sensi del Regolamento UE n. 524\/2013 del Parlamento europeo e del Consiglio:<br \/>\nPiattaforma per la risoluzione delle controversie online dei consumatori (ODR) della Commissione europea:\u00a0<a href=\"http:\/\/ec.europa.eu\/consumers\/odr\/\" target=\"_blank\" rel=\"noopener\">http:\/\/ec.europa.eu\/consumers\/odr\/<\/a><\/p>\n<p>Redazione: Rainer Claudia<\/p>\n<p><strong>Responsabile per il concetto e la realizzazione:<\/strong><\/p>\n<p>Frei und Zeit<br \/>\nDesign &amp; Communication<\/p>\n<p>Via Brennero 32<br \/>\n39042 Bressanone | Italia<\/p>\n<p>E-Mail:\u00a0<a href=\"mailto:info@freiundzeit.it\">info@freiundzeit.it<\/a><br \/>\nInternet:\u00a0<a href=\"https:\/\/freiundzeit.it\" target=\"_blank\" rel=\"noopener\">freiundzeit.it<\/a><\/p>\n<p><strong>Link disclaimer<\/strong><\/p>\n<p>La CM Srl \u00e8 impegnata a provvedere alla correttezza delle informazioni contenute nel presente sito web. Comunque non si garantisce per l&#8217;attualit\u00e0, correttezza e completezza per le informazioni rese a disposizione. Inoltre, la CM Srl non \u00e8 responsabile per il contenuto dei siti esterni connesse tramite hyperlink. La CM Srl si riserva il diritto di cambiare o completare le informazioni rese a disposizione senza preavviso.<\/p>\n<p><strong>Titolare del trattamento dei dati personali<\/strong><\/p>\n<p>CM Srl, con sede a 39049 Vipiteno, \u00e8 la responsabile del trattamento dei dati personali ricavati dall&#8217;accesso e dall&#8217;utilizzo del sito. Il referente \u00e8 la Signora Rainer Claudia.<\/p>\n<p>Al fine di conoscere in modo dettagliato le modalit\u00e0 di gestione del sito relativamente al trattamento dei dati degli utenti che lo consultano si rimanda alla pagina privacy policy.<\/p>\n<p><strong>Foto<\/strong><\/p>\n<p>CM Srl, Tourismusgenossenschaft Sterzing &#8211; Manuel Kotterseger, Klaus Peterlin\/\/allesfoto.com; Unsplash; Fabian Schaiter; Tourismusgenossenschaft Sterzing Pfitsch Freienfeld \u2013 Patrick Schwienbacher,Stefanie Defregger, Frei und Zeit<\/p>\n<p><strong>Copyright &#8211; Condizioni di utilizzo del materiale pubblicato<\/strong><\/p>\n<p>I diritti d&#8217;autore dei contenuti del sito web della CM Srl sono protetti. Tutti gli elementi dell&#8217;interfaccia grafica e le immagini che non siano gi\u00e0 protette dal diritto d&#8217;autore &#8211; \u00e8 di propriet\u00e0 e copyright di CM Srl. La riproduzione di informazioni, soprattutto l&#8217;utilizzo di testi, segmenti testuali o materiale grafico abbisogna della previa autorizzazione della CM Srl.<\/p>\n\t\t\t\t\t\t\t\t<\/div>\n\t\t\t\t<\/div>\n\t\t\t\t<div class=\"elementor-element elementor-element-70cf1c3 elementor-widget__width-initial elementor-widget elementor-widget-text-editor\" data-id=\"70cf1c3\" data-element_type=\"widget\" data-e-type=\"widget\" data-widget_type=\"text-editor.default\">\n\t\t\t\t<div class=\"elementor-widget-container\">\n\t\t\t\t\t\t\t\t\t\u00a9 CM Srl2026 &#8211; Tutti i diritti riservati.\t\t\t\t\t\t\t\t<\/div>\n\t\t\t\t<\/div>\n\t\t\t\t\t<\/div>\n\t\t\t\t<\/div>\n\t\t\t\t\t<\/div>\n\t\t\t\t<\/div>\n\t\t\t\t<\/div>\n\t\t","protected":false},"excerpt":{"rendered":"<p>Bettstadt Apartments CM Srl Via Streunturn 2 39049 Vipiteno Tel. +39 379 1227963 E-Mail:\u00a0info@bettstadt.it Internet:\u00a0www.bettstadt.it Legale rappresentante: Rainer Claudia Camera di commercio: Bolzano Numero iscrizione camera di commercio: 03135750218 Numero REA: BZ &#8211; 235068 Partita IVA: IT03135750218 Codice fiscale: 03135750218 Capitale sociale: 10.000,00 \u20ac I.V. Responsabile per il contenuto: Rainer Claudia (Indirizzo come sopra) Informazione [&hellip;]<\/p>\n","protected":false},"author":1,"featured_media":1242,"parent":0,"menu_order":0,"comment_status":"closed","ping_status":"closed","template":"","meta":{"_acf_changed":false,"footnotes":""},"seitenkategorie":[33],"class_list":["post-2251","page","type-page","status-publish","has-post-thumbnail","hentry","seitenkategorie-beige-it"],"acf":[],"yoast_head":"<!-- This site is optimized with the Yoast SEO plugin v27.0 - https:\/\/yoast.com\/product\/yoast-seo-wordpress\/ -->\n<title>Note legali - Bettstadt Apartments<\/title>\n<meta name=\"robots\" content=\"index, follow, max-snippet:-1, max-image-preview:large, max-video-preview:-1\" \/>\n<link rel=\"canonical\" href=\"https:\/\/bettstadt.it\/it\/note-legali\/\" \/>\n<meta property=\"og:locale\" content=\"it_IT\" \/>\n<meta property=\"og:type\" content=\"article\" \/>\n<meta property=\"og:title\" content=\"Note legali - Bettstadt Apartments\" \/>\n<meta property=\"og:description\" content=\"Bettstadt Apartments CM Srl Via Streunturn 2 39049 Vipiteno Tel. +39 379 1227963 E-Mail:\u00a0info@bettstadt.it Internet:\u00a0www.bettstadt.it Legale rappresentante: Rainer Claudia Camera di commercio: Bolzano Numero iscrizione camera di commercio: 03135750218 Numero REA: BZ &#8211; 235068 Partita IVA: IT03135750218 Codice fiscale: 03135750218 Capitale sociale: 10.000,00 \u20ac I.V. Responsabile per il contenuto: Rainer Claudia (Indirizzo come sopra) Informazione [&hellip;]\" \/>\n<meta property=\"og:url\" content=\"https:\/\/bettstadt.it\/it\/note-legali\/\" \/>\n<meta property=\"og:site_name\" content=\"Bettstadt Apartments\" \/>\n<meta property=\"article:publisher\" content=\"https:\/\/www.facebook.com\/Bettstadt.Apartments\" \/>\n<meta property=\"article:modified_time\" content=\"2023-11-29T15:26:19+00:00\" \/>\n<meta property=\"og:image\" content=\"https:\/\/bettstadt.it\/wp-content\/uploads\/2023\/11\/Bettstadt-101323-5-Web-\u00a9Freiundzeit.jpg\" \/>\n\t<meta property=\"og:image:width\" content=\"1366\" \/>\n\t<meta property=\"og:image:height\" content=\"2048\" \/>\n\t<meta property=\"og:image:type\" content=\"image\/jpeg\" \/>\n<meta name=\"twitter:card\" content=\"summary_large_image\" \/>\n<meta name=\"twitter:label1\" content=\"Tempo di lettura stimato\" \/>\n\t<meta name=\"twitter:data1\" content=\"2 minuti\" \/>\n<script type=\"application\/ld+json\" class=\"yoast-schema-graph\">{\"@context\":\"https:\/\/schema.org\",\"@graph\":[{\"@type\":\"WebPage\",\"@id\":\"https:\/\/bettstadt.it\/it\/note-legali\/\",\"url\":\"https:\/\/bettstadt.it\/it\/note-legali\/\",\"name\":\"Note legali - Bettstadt Apartments\",\"isPartOf\":{\"@id\":\"https:\/\/bettstadt.it\/it\/#website\"},\"primaryImageOfPage\":{\"@id\":\"https:\/\/bettstadt.it\/it\/note-legali\/#primaryimage\"},\"image\":{\"@id\":\"https:\/\/bettstadt.it\/it\/note-legali\/#primaryimage\"},\"thumbnailUrl\":\"https:\/\/bettstadt.it\/wp-content\/uploads\/2023\/11\/Bettstadt-101323-5-Web-\u00a9Freiundzeit.jpg\",\"datePublished\":\"2023-11-07T15:22:12+00:00\",\"dateModified\":\"2023-11-29T15:26:19+00:00\",\"breadcrumb\":{\"@id\":\"https:\/\/bettstadt.it\/it\/note-legali\/#breadcrumb\"},\"inLanguage\":\"it-IT\",\"potentialAction\":[{\"@type\":\"ReadAction\",\"target\":[\"https:\/\/bettstadt.it\/it\/note-legali\/\"]}]},{\"@type\":\"ImageObject\",\"inLanguage\":\"it-IT\",\"@id\":\"https:\/\/bettstadt.it\/it\/note-legali\/#primaryimage\",\"url\":\"https:\/\/bettstadt.it\/wp-content\/uploads\/2023\/11\/Bettstadt-101323-5-Web-\u00a9Freiundzeit.jpg\",\"contentUrl\":\"https:\/\/bettstadt.it\/wp-content\/uploads\/2023\/11\/Bettstadt-101323-5-Web-\u00a9Freiundzeit.jpg\",\"width\":1366,\"height\":2048},{\"@type\":\"BreadcrumbList\",\"@id\":\"https:\/\/bettstadt.it\/it\/note-legali\/#breadcrumb\",\"itemListElement\":[{\"@type\":\"ListItem\",\"position\":1,\"name\":\"Home\",\"item\":\"https:\/\/bettstadt.it\/it\/\"},{\"@type\":\"ListItem\",\"position\":2,\"name\":\"Note legali\"}]},{\"@type\":\"WebSite\",\"@id\":\"https:\/\/bettstadt.it\/it\/#website\",\"url\":\"https:\/\/bettstadt.it\/it\/\",\"name\":\"Bettstadt Apartments\",\"description\":\"Ihre Ferienwohnung im Herzen von Sterzing\",\"publisher\":{\"@id\":\"https:\/\/bettstadt.it\/it\/#organization\"},\"potentialAction\":[{\"@type\":\"SearchAction\",\"target\":{\"@type\":\"EntryPoint\",\"urlTemplate\":\"https:\/\/bettstadt.it\/it\/?s={search_term_string}\"},\"query-input\":{\"@type\":\"PropertyValueSpecification\",\"valueRequired\":true,\"valueName\":\"search_term_string\"}}],\"inLanguage\":\"it-IT\"},{\"@type\":\"Organization\",\"@id\":\"https:\/\/bettstadt.it\/it\/#organization\",\"name\":\"Bettstadt Apartments\",\"url\":\"https:\/\/bettstadt.it\/it\/\",\"logo\":{\"@type\":\"ImageObject\",\"inLanguage\":\"it-IT\",\"@id\":\"https:\/\/bettstadt.it\/it\/#\/schema\/logo\/image\/\",\"url\":\"https:\/\/bettstadt.it\/wp-content\/uploads\/2023\/10\/bettstadt-logo-blau.png\",\"contentUrl\":\"https:\/\/bettstadt.it\/wp-content\/uploads\/2023\/10\/bettstadt-logo-blau.png\",\"width\":1220,\"height\":205,\"caption\":\"Bettstadt Apartments\"},\"image\":{\"@id\":\"https:\/\/bettstadt.it\/it\/#\/schema\/logo\/image\/\"},\"sameAs\":[\"https:\/\/www.facebook.com\/Bettstadt.Apartments\",\"https:\/\/www.instagram.com\/bettstadt.apartments\/\"]}]}<\/script>\n<!-- \/ Yoast SEO plugin. -->","yoast_head_json":{"title":"Note legali - Bettstadt Apartments","robots":{"index":"index","follow":"follow","max-snippet":"max-snippet:-1","max-image-preview":"max-image-preview:large","max-video-preview":"max-video-preview:-1"},"canonical":"https:\/\/bettstadt.it\/it\/note-legali\/","og_locale":"it_IT","og_type":"article","og_title":"Note legali - Bettstadt Apartments","og_description":"Bettstadt Apartments CM Srl Via Streunturn 2 39049 Vipiteno Tel. +39 379 1227963 E-Mail:\u00a0info@bettstadt.it Internet:\u00a0www.bettstadt.it Legale rappresentante: Rainer Claudia Camera di commercio: Bolzano Numero iscrizione camera di commercio: 03135750218 Numero REA: BZ &#8211; 235068 Partita IVA: IT03135750218 Codice fiscale: 03135750218 Capitale sociale: 10.000,00 \u20ac I.V. Responsabile per il contenuto: Rainer Claudia (Indirizzo come sopra) Informazione [&hellip;]","og_url":"https:\/\/bettstadt.it\/it\/note-legali\/","og_site_name":"Bettstadt Apartments","article_publisher":"https:\/\/www.facebook.com\/Bettstadt.Apartments","article_modified_time":"2023-11-29T15:26:19+00:00","og_image":[{"width":1366,"height":2048,"url":"https:\/\/bettstadt.it\/wp-content\/uploads\/2023\/11\/Bettstadt-101323-5-Web-\u00a9Freiundzeit.jpg","type":"image\/jpeg"}],"twitter_card":"summary_large_image","twitter_misc":{"Tempo di lettura stimato":"2 minuti"},"schema":{"@context":"https:\/\/schema.org","@graph":[{"@type":"WebPage","@id":"https:\/\/bettstadt.it\/it\/note-legali\/","url":"https:\/\/bettstadt.it\/it\/note-legali\/","name":"Note legali - Bettstadt Apartments","isPartOf":{"@id":"https:\/\/bettstadt.it\/it\/#website"},"primaryImageOfPage":{"@id":"https:\/\/bettstadt.it\/it\/note-legali\/#primaryimage"},"image":{"@id":"https:\/\/bettstadt.it\/it\/note-legali\/#primaryimage"},"thumbnailUrl":"https:\/\/bettstadt.it\/wp-content\/uploads\/2023\/11\/Bettstadt-101323-5-Web-\u00a9Freiundzeit.jpg","datePublished":"2023-11-07T15:22:12+00:00","dateModified":"2023-11-29T15:26:19+00:00","breadcrumb":{"@id":"https:\/\/bettstadt.it\/it\/note-legali\/#breadcrumb"},"inLanguage":"it-IT","potentialAction":[{"@type":"ReadAction","target":["https:\/\/bettstadt.it\/it\/note-legali\/"]}]},{"@type":"ImageObject","inLanguage":"it-IT","@id":"https:\/\/bettstadt.it\/it\/note-legali\/#primaryimage","url":"https:\/\/bettstadt.it\/wp-content\/uploads\/2023\/11\/Bettstadt-101323-5-Web-\u00a9Freiundzeit.jpg","contentUrl":"https:\/\/bettstadt.it\/wp-content\/uploads\/2023\/11\/Bettstadt-101323-5-Web-\u00a9Freiundzeit.jpg","width":1366,"height":2048},{"@type":"BreadcrumbList","@id":"https:\/\/bettstadt.it\/it\/note-legali\/#breadcrumb","itemListElement":[{"@type":"ListItem","position":1,"name":"Home","item":"https:\/\/bettstadt.it\/it\/"},{"@type":"ListItem","position":2,"name":"Note legali"}]},{"@type":"WebSite","@id":"https:\/\/bettstadt.it\/it\/#website","url":"https:\/\/bettstadt.it\/it\/","name":"Bettstadt Apartments","description":"Ihre Ferienwohnung im Herzen von Sterzing","publisher":{"@id":"https:\/\/bettstadt.it\/it\/#organization"},"potentialAction":[{"@type":"SearchAction","target":{"@type":"EntryPoint","urlTemplate":"https:\/\/bettstadt.it\/it\/?s={search_term_string}"},"query-input":{"@type":"PropertyValueSpecification","valueRequired":true,"valueName":"search_term_string"}}],"inLanguage":"it-IT"},{"@type":"Organization","@id":"https:\/\/bettstadt.it\/it\/#organization","name":"Bettstadt Apartments","url":"https:\/\/bettstadt.it\/it\/","logo":{"@type":"ImageObject","inLanguage":"it-IT","@id":"https:\/\/bettstadt.it\/it\/#\/schema\/logo\/image\/","url":"https:\/\/bettstadt.it\/wp-content\/uploads\/2023\/10\/bettstadt-logo-blau.png","contentUrl":"https:\/\/bettstadt.it\/wp-content\/uploads\/2023\/10\/bettstadt-logo-blau.png","width":1220,"height":205,"caption":"Bettstadt Apartments"},"image":{"@id":"https:\/\/bettstadt.it\/it\/#\/schema\/logo\/image\/"},"sameAs":["https:\/\/www.facebook.com\/Bettstadt.Apartments","https:\/\/www.instagram.com\/bettstadt.apartments\/"]}]}},"_links":{"self":[{"href":"https:\/\/bettstadt.it\/it\/wp-json\/wp\/v2\/pages\/2251","targetHints":{"allow":["GET"]}}],"collection":[{"href":"https:\/\/bettstadt.it\/it\/wp-json\/wp\/v2\/pages"}],"about":[{"href":"https:\/\/bettstadt.it\/it\/wp-json\/wp\/v2\/types\/page"}],"author":[{"embeddable":true,"href":"https:\/\/bettstadt.it\/it\/wp-json\/wp\/v2\/users\/1"}],"replies":[{"embeddable":true,"href":"https:\/\/bettstadt.it\/it\/wp-json\/wp\/v2\/comments?post=2251"}],"version-history":[{"count":0,"href":"https:\/\/bettstadt.it\/it\/wp-json\/wp\/v2\/pages\/2251\/revisions"}],"wp:featuredmedia":[{"embeddable":true,"href":"https:\/\/bettstadt.it\/it\/wp-json\/wp\/v2\/media\/1242"}],"wp:attachment":[{"href":"https:\/\/bettstadt.it\/it\/wp-json\/wp\/v2\/media?parent=2251"}],"wp:term":[{"taxonomy":"seitenkategorie","embeddable":true,"href":"https:\/\/bettstadt.it\/it\/wp-json\/wp\/v2\/seitenkategorie?post=2251"}],"curies":[{"name":"wp","href":"https:\/\/api.w.org\/{rel}","templated":true}]}}